{"id":40,"date":"2018-08-06T17:18:24","date_gmt":"2018-08-06T15:18:24","guid":{"rendered":"http:\/\/prisack-salzburg.de\/wordpress\/?page_id=40"},"modified":"2021-01-21T12:02:32","modified_gmt":"2021-01-21T11:02:32","slug":"meine-leistungen","status":"publish","type":"page","link":"https:\/\/prisack-salzburg.de\/wordpress\/meine-leistungen\/","title":{"rendered":"Meine Leistungen"},"content":{"rendered":"<p align=\"center\"><b><span style=\"margin: 0px; color: #bd0a0a; font-family: 'Verdana','sans-serif'; font-size: 13.5pt;\">Meine Leistungen f\u00fcr Sie: <\/span><\/b><b><span style=\"margin: 0px; font-family: 'Times New Roman','serif'; font-size: 24pt;\"><span style=\"color: #000000;\">&nbsp;<\/span><\/span><\/b><\/p>\n<p><span style=\"color: #000000;\"><span style=\"margin: 0px; font-family: 'Verdana','sans-serif'; font-size: 12pt;\">Ich begleite Sie bei der Realisierung Ihres Hauses von der ersten Skizze bis zum fertigen Geb\u00e4ude. <\/span><span style=\"margin: 0px; font-family: 'Times New Roman','serif'; font-size: 12pt;\">&nbsp;<\/span><\/span><\/p>\n<p><span style=\"margin: 0px; font-family: 'Verdana','sans-serif'; font-size: 12pt;\"><span style=\"color: #000000;\">Dar\u00fcber hinaus stehe ich Ihnen auch gern f\u00fcr die Betreuung und Verwaltung Ihrer Immobilie zur Verf\u00fcgung.<\/span><\/span><\/p>\n<p align=\"center\"><b><span style=\"margin: 0px; color: #c61818; font-family: 'Verdana','sans-serif'; font-size: 13.5pt;\">Mein Motto dabei ist: &#8222;Alles aus einer Hand&#8220;.<\/span><\/b><\/p>\n<p><span style=\"margin: 0px; font-family: 'Verdana','sans-serif'; font-size: 12pt;\"><span style=\"color: #000000;\">&nbsp;<\/span><\/span><\/p>\n<p><b><span style=\"margin: 0px; color: #c61818; font-family: 'Verdana','sans-serif'; font-size: 12pt;\">Meine Philosophie: <\/span><\/b><span style=\"color: #000000;\"><span style=\"margin: 0px; font-family: 'Verdana','sans-serif'; font-size: 12pt;\">&nbsp; &nbsp; &nbsp;&nbsp; <\/span><span style=\"margin: 0px; font-family: 'Times New Roman','serif'; font-size: 12pt;\">&nbsp;<\/span><\/span><\/p>\n<p><span style=\"margin: 0px; font-family: 'Verdana','sans-serif'; font-size: 12pt;\"><span style=\"color: #000000;\">Eine gezielte, zeitgem\u00e4\u00dfe, modern gestaltete Architektur, eine den W\u00fcnschen und Bed\u00fcrfnissen des Auftraggebers entsprechende Planung und deren fachgerechte Verwirklichung sind meine Anliegen.<\/span><\/span><\/p>\n<p><span style=\"margin: 0px; font-family: 'Verdana','sans-serif'; font-size: 12pt;\"><span style=\"color: #000000;\">&nbsp;&nbsp;<\/span><\/span><\/p>\n<p><span style=\"color: #c61818;\"><strong>T\u00e4tigkeitsbereiche:<\/strong><\/span><\/p>\n<ul>\n<li>An- und Umbau<\/li>\n<li>Modernisierung<\/li>\n<li>Neubauten<\/li>\n<li>Altbausanierung<\/li>\n<li>Sachverst\u00e4ndige f\u00fcr die Bewertung von Grundst\u00fccken und Geb\u00e4uden<\/li>\n<li>Sachverst\u00e4ndige f\u00fcr Bausch\u00e4den<\/li>\n<\/ul>\n<p>&nbsp;<\/p>\n<p><strong><span style=\"color: #c61818;\">Leistungen im Detail:<\/span><\/strong><\/p>\n<ul>\n<li>Briefing<\/li>\n<li>Grundlagenermittlung<\/li>\n<li>Beratung<\/li>\n<li>Konzepterstellung<\/li>\n<li>Vorplanung<\/li>\n<li>Visualisierung<\/li>\n<li>3-D Planung<\/li>\n<li>Entwurfsplanung<\/li>\n<li>Genehmigungsplanung<\/li>\n<li>Ausf\u00fchrungsplanung<\/li>\n<li>Vorbereitung bei der Vergabe<\/li>\n<li>Mitwirkung bei der Vergabe<\/li>\n<li>Bauleitung mit Kosten und Terminkontrolle<\/li>\n<li>Dokumentation<\/li>\n<\/ul>\n","protected":false},"excerpt":{"rendered":"<p>Meine Leistungen f\u00fcr Sie: &nbsp; Ich begleite Sie bei der Realisierung Ihres Hauses von der ersten Skizze bis zum fertigen Geb\u00e4ude. &nbsp; Dar\u00fcber hinaus stehe ich Ihnen auch gern f\u00fcr die Betreuung und Verwaltung Ihrer Immobilie zur Verf\u00fcgung. Mein Motto dabei ist: &#8222;Alles aus einer Hand&#8220;. &nbsp; Meine Philosophie: &nbsp; &nbsp; &nbsp;&nbsp; &nbsp; Eine gezielte, &hellip; <\/p>\n<p class=\"link-more\"><a href=\"https:\/\/prisack-salzburg.de\/wordpress\/meine-leistungen\/\" class=\"more-link\"><span class=\"screen-reader-text\">\u201eMeine Leistungen\u201c<\/span> weiterlesen<\/a><\/p>\n","protected":false},"author":1,"featured_media":6,"parent":0,"menu_order":5,"comment_status":"closed","ping_status":"closed","template":"","meta":{"ngg_post_thumbnail":0},"_links":{"self":[{"href":"https:\/\/prisack-salzburg.de\/wordpress\/wp-json\/wp\/v2\/pages\/40"}],"collection":[{"href":"https:\/\/prisack-salzburg.de\/wordpress\/wp-json\/wp\/v2\/pages"}],"about":[{"href":"https:\/\/prisack-salzburg.de\/wordpress\/wp-json\/wp\/v2\/types\/page"}],"author":[{"embeddable":true,"href":"https:\/\/prisack-salzburg.de\/wordpress\/wp-json\/wp\/v2\/users\/1"}],"replies":[{"embeddable":true,"href":"https:\/\/prisack-salzburg.de\/wordpress\/wp-json\/wp\/v2\/comments?post=40"}],"version-history":[{"count":3,"href":"https:\/\/prisack-salzburg.de\/wordpress\/wp-json\/wp\/v2\/pages\/40\/revisions"}],"predecessor-version":[{"id":139,"href":"https:\/\/prisack-salzburg.de\/wordpress\/wp-json\/wp\/v2\/pages\/40\/revisions\/139"}],"wp:featuredmedia":[{"embeddable":true,"href":"https:\/\/prisack-salzburg.de\/wordpress\/wp-json\/wp\/v2\/media\/6"}],"wp:attachment":[{"href":"https:\/\/prisack-salzburg.de\/wordpress\/wp-json\/wp\/v2\/media?parent=40"}],"curies":[{"name":"wp","href":"https:\/\/api.w.org\/{rel}","templated":true}]}}