{"id":7,"date":"2018-08-06T16:53:05","date_gmt":"2018-08-06T14:53:05","guid":{"rendered":"http:\/\/prisack-salzburg.de\/wordpress\/?page_id=7"},"modified":"2018-08-06T18:52:54","modified_gmt":"2018-08-06T16:52:54","slug":"startseite","status":"publish","type":"page","link":"https:\/\/prisack-salzburg.de\/wordpress\/","title":{"rendered":"Startseite"},"content":{"rendered":"<h1><b><span style=\"margin: 0px; color: #bd0a0a; font-family: 'Verdana','sans-serif'; font-size: 13.5pt;\">Herzlich willkommen!<\/span><span style=\"margin: 0px; color: #bd0a0a; font-family: 'Verdana','sans-serif';\"><span style=\"font-size: xx-large;\">\u00a0<\/span><\/span><\/b><\/h1>\n<p><span style=\"margin: 0px; font-family: 'Verdana','sans-serif';\"><span style=\"color: #000000;\">Ich freue mich sehr, Sie auf meiner Internet-Seite begr\u00fc\u00dfen zu d\u00fcrfen!<\/span><\/span><\/p>\n<p><strong><span style=\"margin: 0px; font-family: 'Verdana','sans-serif';\"><span style=\"color: #000000;\">Am Anfang steht die Idee &#8230;\u00a0der Wunsch, etwas zu bauen, den mein B\u00fcro f\u00fcr meine Auftraggeber im Raum Dormagen und Umgebung umsetzt und realisiert.\u00a0<\/span><\/span><\/strong><\/p>\n<p><span style=\"margin: 0px; font-family: 'Verdana','sans-serif';\"><span style=\"color: #000000;\">Gerne werde ich auch f\u00fcr Sie t\u00e4tig!\u00a0<\/span><\/span><\/p>\n<p><span style=\"margin: 0px; font-family: 'Verdana','sans-serif';\"><span style=\"color: #000000;\">Bis bald,<\/span><\/span><\/p>\n<p><strong><span style=\"margin: 0px; color: #c61818; font-family: 'Verdana','sans-serif';\">Ihre Hildegard Prisack- Salzburg<\/span><\/strong><\/p>\n","protected":false},"excerpt":{"rendered":"<p>Herzlich willkommen!\u00a0 Ich freue mich sehr, Sie auf meiner Internet-Seite begr\u00fc\u00dfen zu d\u00fcrfen! Am Anfang steht die Idee &#8230;\u00a0der Wunsch, etwas zu bauen, den mein B\u00fcro f\u00fcr meine Auftraggeber im Raum Dormagen und Umgebung umsetzt und realisiert.\u00a0 Gerne werde ich auch f\u00fcr Sie t\u00e4tig!\u00a0 Bis bald, Ihre Hildegard Prisack- Salzburg<\/p>\n","protected":false},"author":1,"featured_media":0,"parent":0,"menu_order":1,"comment_status":"closed","ping_status":"closed","template":"","meta":{"ngg_post_thumbnail":0},"_links":{"self":[{"href":"https:\/\/prisack-salzburg.de\/wordpress\/wp-json\/wp\/v2\/pages\/7"}],"collection":[{"href":"https:\/\/prisack-salzburg.de\/wordpress\/wp-json\/wp\/v2\/pages"}],"about":[{"href":"https:\/\/prisack-salzburg.de\/wordpress\/wp-json\/wp\/v2\/types\/page"}],"author":[{"embeddable":true,"href":"https:\/\/prisack-salzburg.de\/wordpress\/wp-json\/wp\/v2\/users\/1"}],"replies":[{"embeddable":true,"href":"https:\/\/prisack-salzburg.de\/wordpress\/wp-json\/wp\/v2\/comments?post=7"}],"version-history":[{"count":2,"href":"https:\/\/prisack-salzburg.de\/wordpress\/wp-json\/wp\/v2\/pages\/7\/revisions"}],"predecessor-version":[{"id":34,"href":"https:\/\/prisack-salzburg.de\/wordpress\/wp-json\/wp\/v2\/pages\/7\/revisions\/34"}],"wp:attachment":[{"href":"https:\/\/prisack-salzburg.de\/wordpress\/wp-json\/wp\/v2\/media?parent=7"}],"curies":[{"name":"wp","href":"https:\/\/api.w.org\/{rel}","templated":true}]}}